{"id":93,"date":"2026-02-03T08:43:53","date_gmt":"2026-02-03T08:43:53","guid":{"rendered":"https:\/\/dreminevanlioglu.com\/?page_id=93"},"modified":"2026-02-03T08:43:53","modified_gmt":"2026-02-03T08:43:53","slug":"saglik-turizmi-yetki-belgesi","status":"publish","type":"page","link":"https:\/\/dreminevanlioglu.com\/index.php\/saglik-turizmi-yetki-belgesi\/","title":{"rendered":"Sa\u011fl\u0131k Turizmi Yetki Belgesi"},"content":{"rendered":"<p><a href=\"https:\/\/dreminevanlioglu.com\/wp-content\/uploads\/2026\/02\/Dr.Emine-Vanlioglu-saglik-turizmi.pdf\">Dr.Emine Vanl\u0131o\u011flu sa\u011fl\u0131k turizmi<\/a><\/p>\n","protected":false},"excerpt":{"rendered":"<p>Dr.Emine Vanl\u0131o\u011flu sa\u011fl\u0131k turizmi<\/p>\n","protected":false},"author":1,"featured_media":0,"parent":0,"menu_order":0,"comment_status":"closed","ping_status":"closed","template":"","meta":{"_joinchat":[],"footnotes":""},"_links":{"self":[{"href":"https:\/\/dreminevanlioglu.com\/index.php\/wp-json\/wp\/v2\/pages\/93"}],"collection":[{"href":"https:\/\/dreminevanlioglu.com\/index.php\/wp-json\/wp\/v2\/pages"}],"about":[{"href":"https:\/\/dreminevanlioglu.com\/index.php\/wp-json\/wp\/v2\/types\/page"}],"author":[{"embeddable":true,"href":"https:\/\/dreminevanlioglu.com\/index.php\/wp-json\/wp\/v2\/users\/1"}],"replies":[{"embeddable":true,"href":"https:\/\/dreminevanlioglu.com\/index.php\/wp-json\/wp\/v2\/comments?post=93"}],"version-history":[{"count":1,"href":"https:\/\/dreminevanlioglu.com\/index.php\/wp-json\/wp\/v2\/pages\/93\/revisions"}],"predecessor-version":[{"id":95,"href":"https:\/\/dreminevanlioglu.com\/index.php\/wp-json\/wp\/v2\/pages\/93\/revisions\/95"}],"wp:attachment":[{"href":"https:\/\/dreminevanlioglu.com\/index.php\/wp-json\/wp\/v2\/media?parent=93"}],"curies":[{"name":"wp","href":"https:\/\/api.w.org\/{rel}","templated":true}]}}