{"id":9,"date":"2024-04-04T21:27:50","date_gmt":"2024-04-04T21:27:50","guid":{"rendered":"http:\/\/dreminevanlioglu.com\/?page_id=9"},"modified":"2025-02-11T08:31:09","modified_gmt":"2025-02-11T08:31:09","slug":"hakkimda","status":"publish","type":"page","link":"https:\/\/dreminevanlioglu.com\/","title":{"rendered":"hakk\u0131mda"},"content":{"rendered":"<div class=\"titleb\">\n<h1 class=\"title\"><a href=\"http:\/\/www.orionef.com\/wp-content\/uploads\/2018\/06\/57b70469-ba45-4df3-a546-38c9af7d7535.jpg\"><img loading=\"lazy\" decoding=\"async\" class=\"alignnone size-medium wp-image-378\" src=\"http:\/\/www.orionef.com\/wp-content\/uploads\/2018\/06\/57b70469-ba45-4df3-a546-38c9af7d7535-169x300.jpg\" sizes=\"(max-width: 169px) 100vw, 169px\" srcset=\"http:\/\/www.orionef.com\/wp-content\/uploads\/2018\/06\/57b70469-ba45-4df3-a546-38c9af7d7535-169x300.jpg 169w, http:\/\/www.orionef.com\/wp-content\/uploads\/2018\/06\/57b70469-ba45-4df3-a546-38c9af7d7535.jpg 576w, http:\/\/www.orionef.com\/wp-content\/uploads\/2018\/06\/57b70469-ba45-4df3-a546-38c9af7d7535-28x50.jpg 28w\" alt=\"\" width=\"169\" height=\"300\" \/><\/a><\/h1>\n<h1 class=\"title\">Dr.Emine Vanl\u0131o\u011flu<\/h1>\n<\/div>\n<div class=\"entry\">\n<p>\u0130stanbul \u00d6zel \u00dcsk\u00fcdar Fen Lisesi\u00a0 1987-1990<\/p>\n<p>Akdeniz \u00dcniversitesi T\u0131p Fak\u00fcltesi 1990-1996<\/p>\n<p>\u0130stanbul S\u00fcleymaniye Kad\u0131n Hastal\u0131klar\u0131 ve Do\u011fum \u0130htisas\u0131 1997-2002<\/p>\n<p>Bitirme tezi \u2018\u0130ntrauterin sine\u015filerde histeroskopik adezyolizis sonras\u0131 ikincil bak\u0131\u015f histeroskopi\u2019 ile tamamlam\u0131\u015ft\u0131r.<\/p>\n<p>2004-2009 y\u0131llar\u0131 aras\u0131nda \u00d6zel Hospitalium Haznedar Hastanesi\u2019nde Kad\u0131n Hastal\u0131klar\u0131 ve Do\u011fum uzman\u0131 olarak g\u00f6rev alm\u0131\u015ft\u0131r.<\/p>\n<p>2009-2018 y\u0131llar\u0131 aras\u0131nda Bah\u00e7elievlerde \u00f6zel muayenehanesinde hastalar\u0131na hizmet vermi\u015ftir.<\/p>\n<p>2019 y\u0131l\u0131ndan itibaren <strong><em>\u00a0muayenehanesi&#8217;<\/em><\/strong>nde, Kad\u0131n Hastal\u0131klar\u0131 ve Do\u011fum Uzman\u0131 olarak \u00e7al\u0131\u015fmaktad\u0131r.<\/p>\n<p>\u0130ngilizce bilmektedir<\/p>\n<p>Evli ve iki \u00e7ocuk annesidir<\/p>\n<p>Dr.Emine Vanl\u0131o\u011flu <strong>T\u00fcrkiye Cumhuriyeti Sa\u011fl\u0131k Bakanl\u0131\u011f\u0131 Uluslararas\u0131 Sa\u011fl\u0131k Turizmi Yetki Belgesi<\/strong>\u2019ne sahiptir.<\/p>\n<p><strong>Kongre S\u00f6zel Sunumlar\u0131<\/strong><\/p>\n<p>-Hysterosalpingo-foam sonography for office tubal potency testing, video sunumu,<strong>XII.T\u00fcrk-Alman Jinekoloji Kongresi<\/strong> \u00a027-30 Nisan 2018<\/p>\n<p>-Laparoscopic myomectomy with temporary uterine artery ligation at its origin and contralateral internal artery ligation with vascular clips.Dr.Emine Vanl\u0131o\u011flu,<strong>3.Mesge Endoskopi Kongresi,Antalya,Belek,2015<\/strong><\/p>\n<p>-Before laparoscopic myomectomy \u00a0uterine artery ligation,Dr.Emine Vanl\u0131o\u011flu,<strong>Esge Congress,Berlin 2014<\/strong><\/p>\n<p>-Laparoscopic Myomectomy origin uterine artery ligation,<strong>video sunumu,3<sup>rd<\/sup>Annual Middle East Society for Gynecological Endoscopy(MESGE) Congress,8-12 April,2015,Maxx Royal Hotel,Belek,Antalya<\/strong><\/p>\n<p>-Laparoskopik histerektomi \u00f6ncesinde orijininden bilateral uterin arter ligasyonu,<strong>video sunumu,6.Ege Jinekolojik Endoskopi Sempozyumu,19-22 mart 2014,Wyndham \u0130zmir Hotel,Dr.Emine Vanl\u0131o\u011flu<\/strong><\/p>\n<p>-Dev Kistik Ovarian Kitlenin laparoskopik total \u00e7\u0131kar\u0131m\u0131,<strong>Ege Jinekolojik Endoskopi E\u011fitim G\u00fcnleri,22-24 Nisan,2014,\u0130zmir<\/strong><\/p>\n<p>-Effect of previus ovarian surgery for endometrioma on the outcome of assisted reproduction treatment,<strong>22<sup>nd<\/sup> Annual Meeting of the Europan Society of Human Reproduction and Embryology,Praque,18-21 June 2006<\/strong><\/p>\n<p>-Effect of ovarian stromal destruction immediately before gonadotropin treatment in PCOS patients on the outcome of Assisted Reproduction Treatment,Conjoint Meeting of the American Society for Reproductive Medicine,<strong>61 st Annual Meeting and the Canadian Fertility and Andrology Society 15-19 October 2005 Palais de Congres,Montreal,Qubec,Canada.<\/strong><\/p>\n<p><strong>Sertifikalar<\/strong><\/p>\n<p>-3<sup>rd<\/sup> Annual Middle East Society for Gynecological Endoscopy Congress 8-<strong>12,2015,Antalya,Turkey<\/strong><\/p>\n<p>-European Institue of Telesurgery,Certificate of Training in Minimal Access Surgery <strong>IRCAD-University of Strasbourg,France 20-23 April,2015<\/strong><\/p>\n<p>-European Accreditation Council for Continuning Medical Education,Minimal \u0130nvasive Gynecological Surgery Course-Practical Laparoscopic Anatomy for Advanced Gynecological Techniques,<strong>Strasbourg,France,20-22 April 2015<\/strong><\/p>\n<p>15-\u2018\u2019One day cadaver dissection workshop <strong>\u2018\u2019organized at the institute of Anatomy of Tubingen on April 23,2015,Course director,Professor Arnaud Wattiez<\/strong><\/p>\n<p>-V.\u00dcreme T\u0131bb\u0131 ve Cerrahisi Derne\u011fi Kongresi<strong>,28-31 Ekim 2015,Cornelia Diamond Resort-Belek,Antalya<\/strong><\/p>\n<p>-6.Ege Jinekolojik Endoskopi Sempozyumu,<strong>19-22 Mart 2014,Wyndham Hotel \u0130zmir<\/strong><\/p>\n<p>-\u0130nternational School of Ultrasound in Obstetrics and Gynecology,\u2019\u2019Paolo Mascagni\u2019\u2019-Workshop on:<strong>Second Trimester normal fetal echocardiography,Siena,\u0130taly,25-26 May,2012<\/strong><\/p>\n<p>-Minimal Invasive Gynecological Surgery Courses,<strong>Advanced Techniques in Operative Gynecological Endoscopy,21-23 March,2012,Strasbourg,France<\/strong><\/p>\n<p>-1<sup>st<\/sup> Annual MESGE Congress,<strong>24-28 April,2013,Susesi Resort Hotel,Antalya<\/strong><\/p>\n<p>-Minimal \u0130nvasive Gynecological Surgery Course-Current Techniques in the Treatment of Severe Endometriosis <strong>4-7 September 2010,Strasbourg,France<\/strong><\/p>\n<p>-Ege Jinekolojik Endoskopi E\u011fitim G\u00fcnleri-4,<strong>22-24 Nisan 2010,Hilton Hotel,\u0130zmir<\/strong><\/p>\n<p>-Minimal \u0130nvasive Gynecological Surgery Courses-Practical Anatomy for Advanced Gynecological Techniques,<strong>Strasbourg,France,2009<\/strong><\/p>\n<p>Annual Advanced Workshop on Gynecologic Laparoscopic Anatomy including Pelvic Floor Reconstruction,Cadaver dissection,<strong>University of Lousville,2008,Lousville,KY,<\/strong><\/p>\n<p>-16<sup>th<\/sup> Annual Meeting of MEFS,<strong>Cairo-Egypt,4-7 November,2009<\/strong><\/p>\n<p>-7.Ulusal Jinekoloji ve Obstetrik Kongresi,<strong>14-19 May\u0131s 2009,Acapulco Resort Hotel,Girne,K\u0131br\u0131s<\/strong><\/p>\n<p>-1<sup>st<\/sup> Congress \u0130nternational (IVI) ,Held in the Valencia Conference Centre <strong>27-29 April,2005,Spain<\/strong><\/p>\n<p>-Certificate of Attendance ASRM,Montreal,Qubec,Canada,15-19 October,2005<\/p>\n<p>-Certificate of Attendance <strong>60.Annual Meeting of the American Society for Reproductive Medicine,16-20 October,2004, Philadelphia,PA<\/strong><\/p>\n<p>-IV.Ulusal Maternal-Fetal T\u0131p Perinatoloji Kongresi<strong>,22-24 Kas\u0131m 2004,Askeri M\u00fcze ve K\u00fclt\u00fcr Sitesi,\u0130stanbul<\/strong><\/p>\n<p>-Obstetrik Ultrasonografi Kursu,21 Kas\u0131m 2004,Askeri M\u00fcze ve K\u00fclt\u00fcr Sitesi,\u0130stanbul<\/p>\n<p>-Cerrahpa\u015fa T\u00fcp Bebek G\u00fcnleri,<strong>\u00dcYTE\u2019de G\u00fcncel Uygulamalar ve Yeni Geli\u015fmeler,9 haziran 2001<\/strong><\/p>\n<p>Society of Laparoendoscopic Surgeons, American Society of Reproductive Medicine (ASRM),American Society of Reproductive Surgeons, European Society of Human Reproduction and Embryology (ESHRE), European Society of Gynecological Endoscopy (ESGE) \u00fcyesidir.<\/p>\n<p>\u0130leri laparoskopi kurs sertifikalar\u0131 (Ircad-Strasburg ve Louisville-USA) mevcuttur.<\/p>\n<\/div>\n<p>&nbsp;<\/p>\n<p><em>Web sitemizin i\u00e7eri\u011fi Dr.Emine Vanl\u0131o\u011flu taraf\u0131ndan bilgilendirme amac\u0131yla haz\u0131rlanm\u0131\u015ft\u0131r.Sitede yer alan bilgiler hi\u00e7bir zaman hekim tedavisinin ve konsultasyonunun yerini alamaz.<\/em><\/p>\n","protected":false},"excerpt":{"rendered":"<p>Dr.Emine Vanl\u0131o\u011flu \u0130stanbul \u00d6zel \u00dcsk\u00fcdar Fen Lisesi\u00a0 1987-1990 Akdeniz \u00dcniversitesi T\u0131p Fak\u00fcltesi 1990-1996 \u0130stanbul S\u00fcleymaniye Kad\u0131n Hastal\u0131klar\u0131 ve Do\u011fum \u0130htisas\u0131<\/p>\n","protected":false},"author":1,"featured_media":0,"parent":0,"menu_order":0,"comment_status":"closed","ping_status":"closed","template":"","meta":{"_joinchat":[],"footnotes":""},"_links":{"self":[{"href":"https:\/\/dreminevanlioglu.com\/index.php\/wp-json\/wp\/v2\/pages\/9"}],"collection":[{"href":"https:\/\/dreminevanlioglu.com\/index.php\/wp-json\/wp\/v2\/pages"}],"about":[{"href":"https:\/\/dreminevanlioglu.com\/index.php\/wp-json\/wp\/v2\/types\/page"}],"author":[{"embeddable":true,"href":"https:\/\/dreminevanlioglu.com\/index.php\/wp-json\/wp\/v2\/users\/1"}],"replies":[{"embeddable":true,"href":"https:\/\/dreminevanlioglu.com\/index.php\/wp-json\/wp\/v2\/comments?post=9"}],"version-history":[{"count":7,"href":"https:\/\/dreminevanlioglu.com\/index.php\/wp-json\/wp\/v2\/pages\/9\/revisions"}],"predecessor-version":[{"id":88,"href":"https:\/\/dreminevanlioglu.com\/index.php\/wp-json\/wp\/v2\/pages\/9\/revisions\/88"}],"wp:attachment":[{"href":"https:\/\/dreminevanlioglu.com\/index.php\/wp-json\/wp\/v2\/media?parent=9"}],"curies":[{"name":"wp","href":"https:\/\/api.w.org\/{rel}","templated":true}]}}