{"id":82,"date":"2024-12-29T22:14:30","date_gmt":"2024-12-29T22:14:30","guid":{"rendered":"http:\/\/dreminevanlioglu.com\/?page_id=82"},"modified":"2024-12-30T08:46:47","modified_gmt":"2024-12-30T08:46:47","slug":"gizlilik-politikasi","status":"publish","type":"page","link":"https:\/\/dreminevanlioglu.com\/index.php\/gizlilik-politikasi\/","title":{"rendered":"Gizlilik Politikas\u0131"},"content":{"rendered":"<p style=\"font-weight: 400;\">K\u0130\u015e\u0130SEL VER\u0130LER\u0130N KORUNMASI KANUNU (\u201cKVKK\u201d) WEB S\u0130TEM\u0130Z ve MUAYENEHANEM\u0130ZDE UYGULAMASI HAKKINDA B\u0130LG\u0130LEND\u0130RME<br \/>\n6698 say\u0131l\u0131 Ki\u015fisel Verilerin Korunmas\u0131 Kanunu (\u201cKVKK\u201d) h\u00fck\u00fcmleri gere\u011fi, Dr.Emine Vanl\u0131o\u011flu \u00a0olarak, Veri Sorumlusu s\u0131fat\u0131yla, ki\u015fisel bilgilerinizin a\u015fa\u011f\u0131da a\u00e7\u0131kland\u0131\u011f\u0131 \u00e7er\u00e7evede; kaydedilecek, saklanacak, g\u00fcncellenecek, mevzuat\u0131n izin verdi\u011fi durumlarda 3. ki\u015filere a\u00e7\u0131klanabilecek, devredilebilecek, s\u0131n\u0131fland\u0131r\u0131labilecek ve KVKK\u2019da say\u0131lan \u015fekillerde i\u015flenebilecek olup an\u0131lan yasal d\u00fczenleme kapsam\u0131nda kar\u015f\u0131l\u0131kl\u0131 hak ve y\u00fck\u00fcml\u00fcl\u00fcklerimize ili\u015fkin olarak sizleri bilgilendiriyoruz.<br \/>\nKi\u015fisel verilerin i\u015flenme ama\u00e7lar\u0131 ve hukuki sebepleri; Yasal mevzuat kapsam\u0131nda Hekim \u2013 Hasta ili\u015fkisinin kurulmas\u0131, ifas\u0131 ve s\u00f6zle\u015fme h\u00fck\u00fcmlerinin yerine getirilmesi, size sunabilece\u011fimiz hizmetinde kullanmak; i\u015flem yapan\u0131n\/yapt\u0131ran\u0131n bilgilerini tespit i\u00e7in kimlik, adres, vergi numaras\u0131 ve ki\u015fisel sa\u011fl\u0131k verileri de dahil di\u011fer gerekli bilgileri kaydetmek; elektronik (internet\/mobil vs.) veya ka\u011f\u0131t ortam\u0131nda i\u015fleme dayanak olacak t\u00fcm kay\u0131t ve belgeleri d\u00fczenlemek; mevzuat, yetkili kurum ve di\u011fer otoritelerce \u00f6ng\u00f6r\u00fclen bilgi saklama, raporlama, bilgilendirme y\u00fck\u00fcml\u00fcl\u00fcklerine uymak; pazarlama ve istatistik faaliyetleri ile hizmet kalitesini art\u0131rabilmek, talep edilen \/ di\u011fer \u00fcr\u00fcn \/ hizmetleri sunabilmektir. \u00d6zel nitelikli ki\u015fisel veriler; s\u00f6zle\u015fme ili\u015fkisi i\u00e7inde ileti\u015fim, bilgi verme ve benzer s\u00fcre\u00e7ler nedeniyle i\u015flenmektedir.<br \/>\nYukar\u0131da belirtilen ama\u00e7larla, ki\u015fisel verilerin aktar\u0131labilece\u011fi ki\u015fi \/ kurulu\u015flar; Yasal mevzuat h\u00fck\u00fcmlerinin izin verdi\u011fi ki\u015fi, kamu kurum ve kurulu\u015flarla \u00f6zel kamu kurum ve kurulu\u015flard\u0131r. \u00d6zel nitelikli ki\u015fisel veriler ise, gizlilik s\u00f6zle\u015fmeleri ile g\u00fcvence alt\u0131na al\u0131nan ve tabi oldu\u011fumuz mevzuatta belirtilen ama\u00e7lara konu faaliyetleri y\u00fcr\u00fctmek \u00fczere hizmet ald\u0131\u011f\u0131m\u0131z yurt i\u00e7i ve d\u0131\u015f\u0131nda bulunan \u015firketlere aktar\u0131labilir. Ki\u015fisel ve \u00f6zel nitelikli ki\u015fisel veriler; genel kullan\u0131ma a\u00e7\u0131k olmayan g\u00fcvenli bir ortamda saklanmakta ve izinsiz ya da yasal bir y\u00fck\u00fcml\u00fcl\u00fck alt\u0131nda bulunulmad\u0131\u011f\u0131 s\u00fcrece \u00fc\u00e7\u00fcnc\u00fc \u015fah\u0131slarla kesinlikle payla\u015f\u0131lmamaktad\u0131r.<br \/>\nKi\u015fisel verilerin toplanma y\u00f6ntemi; \u0130nternet sitemize g\u00f6nderilen sorular, mesajlar, telefonla yap\u0131lan aramalar, gibi bilumum dijital kanallar arac\u0131l\u0131\u011f\u0131yla ki\u015fisel verileriniz s\u00f6zl\u00fc, yaz\u0131l\u0131 veya elektronik ortamda toplanabilir.<br \/>\nKVKK\u2019n\u0131n 11. maddesi gere\u011fi haklar\u0131n\u0131z; Taraf\u0131m\u0131za ba\u015fvurarak, ki\u015fisel verilerinizin; a) i\u015flenip i\u015flenmedi\u011fini \u00f6\u011frenme, b) i\u015flenmi\u015fse buna ili\u015fkin bilgi talep etme, c) i\u015flenme amac\u0131n\u0131 ve amac\u0131na uygun kullan\u0131l\u0131p kullan\u0131lmad\u0131\u011f\u0131n\u0131 \u00f6\u011frenme, \u00e7) yurt i\u00e7inde\/yurt d\u0131\u015f\u0131nda aktar\u0131ld\u0131\u011f\u0131 3. ki\u015fileri bilme, d) eksik\/yanl\u0131\u015f i\u015flenmi\u015fse d\u00fczeltilmesini isteme, e) KVKK\u2019n\u0131n 7. maddesinde \u00f6ng\u00f6r\u00fclen \u015fartlar \u00e7er\u00e7evesinde silinmesini \/ yok edilmesini isteme, f) aktar\u0131ld\u0131\u011f\u0131 3. ki\u015filere yukar\u0131da say\u0131lan (d) ve (e) bentleri uyar\u0131nca yap\u0131lan i\u015flemlerin bildirilmesini isteme, g) m\u00fcnhas\u0131ran otomatik sistemler ile analiz edilmesi nedeniyle aleyhinize bir sonucun ortaya \u00e7\u0131kmas\u0131na itiraz etme, \u011f) kanuna ayk\u0131r\u0131 olarak i\u015flenmesi sebebiyle zarara u\u011framan\u0131z h\u00e2linde zarar\u0131n giderilmesini talep etme hakk\u0131na sahip oldu\u011funuzu bildirir, sizlere sundu\u011fumuz t\u00fcm \u00fcr\u00fcn ve hizmetlerimizde ki\u015fisel veri g\u00fcvenli\u011finin \u00f6n planda oldu\u011fu bilinciyle faaliyetlerimize devam etmekte oldu\u011fumuzu bilgilerinize sunar\u0131z.<br \/>\n\u00c7erez Ayd\u0131nlatma Metni (\u201cAyd\u0131nlatma Metni\u201d)<br \/>\nAyd\u0131nlatma Metni Hakk\u0131nda<br \/>\n\u00c7evrimi\u00e7i mecralar\u0131m\u0131z\u0131 ziyaretleriniz s\u0131ras\u0131nda sizlerin deneyiminizi geli\u015ftirmek i\u00e7in \u00e7erezler, pikseller, gifler gibi baz\u0131 teknolojilerden (\u201c\u00e7erezler\u201d) faydalanmaktay\u0131z. Bu teknolojilerin kullan\u0131m\u0131 ba\u015fta 6698 say\u0131l\u0131 Ki\u015fisel Verilerin Korunmas\u0131 Kanunu (\u201cKVK Kanunu\u201d) olmak \u00fczere tabi oldu\u011fumuz mevzuata uygun \u015fekilde ger\u00e7ekle\u015ftirilmektedir.<br \/>\n\u0130\u015fbu \u00c7erez Ayd\u0131nlatma metninin amac\u0131, taraf\u0131m\u0131zca i\u015fletilmekte olan mediamarkt.com.tr internet sitesinin (\u201cSite\u201d) i\u015fletilmesi s\u0131ras\u0131nda Site kullan\u0131c\u0131lar\u0131\/\u00fcyeleri\/ziyaret\u00e7ileri (\u201cVeri Sahibi\u201d) taraf\u0131ndan \u00e7erezlerin kullan\u0131m\u0131 s\u0131ras\u0131nda elde edilen ki\u015fisel verilerin i\u015flenmesine ili\u015fkin olarak sizlere bilgi vermektir. \u0130\u015fbu metinde sitemizde hangi ama\u00e7larla hangi t\u00fcr \u00e7erezleri kulland\u0131\u011f\u0131m\u0131z\u0131 ve bu \u00e7erezleri nas\u0131l kontrol edebilece\u011finizi sizlere a\u00e7\u0131klamak istiyoruz.<br \/>\nDr.Emine Vanl\u0131o\u011flu \u00a0olarak sitemizde kulland\u0131\u011f\u0131m\u0131z \u00e7erezleri kullanmaktan vazge\u00e7ebilir, bunlar\u0131n t\u00fcrlerini veya fonksiyonlar\u0131n\u0131 de\u011fi\u015ftirebilir veya sitemize yeni \u00e7erezler ekleyebiliriz. Dolay\u0131s\u0131yla i\u015f bu ayd\u0131nlatma metninin h\u00fck\u00fcmlerini diledi\u011fimiz zaman de\u011fi\u015ftirme hakk\u0131n\u0131 sakl\u0131 tutar\u0131z. G\u00fcncel ayd\u0131nlatma metni \u00fczerinde ger\u00e7ekle\u015ftirilmi\u015f olan her t\u00fcrl\u00fc de\u011fi\u015fiklik sitede veya herhangi bir kamuya a\u00e7\u0131k mecrada yay\u0131nlanmakla birlikte y\u00fcr\u00fcrl\u00fck kazanacakt\u0131r.<br \/>\nHangi \u00c7erezler Genel Olarak<br \/>\nDr.Emine Vanl\u0131o\u011flu \u00a0olarak sitemizde \u00e7e\u015fitli ama\u00e7larla \u00e7erezler kullanmakta ve bu \u00e7erezler vas\u0131tas\u0131yla ki\u015fisel verilerinizi i\u015flemekteyiz. Bu ama\u00e7lar ba\u015fl\u0131ca \u015funlard\u0131r:<br \/>\n\u2013 Site\u2019nin \u00e7al\u0131\u015fmas\u0131 i\u00e7in gerekli temel fonksiyonlar\u0131 ger\u00e7ekle\u015ftirmek. \u00d6rne\u011fin, oturum a\u00e7an \u00fcyelerin Site\u2019de farkl\u0131 sayfalar\u0131 ziyaret ederken tekrar \u015fifre girmelerine gerek kalmamas\u0131.<br \/>\n\u2013 Site\u2019yi analiz etmek ve Site\u2019nin performans\u0131n\u0131 artt\u0131rmak. \u00d6rne\u011fin, Site\u2019nin \u00fczerinde \u00e7al\u0131\u015ft\u0131\u011f\u0131 farkl\u0131 sunucular\u0131n entegrasyonu, Site\u2019yi ziyaret edenlerin say\u0131s\u0131n\u0131n tespit edilmesi ve buna g\u00f6re performans ayarlar\u0131n\u0131n yap\u0131lmas\u0131 ya da ziyaret\u00e7ilerin arad\u0131klar\u0131n\u0131 bulmalar\u0131n\u0131n kolayla\u015ft\u0131r\u0131lmas\u0131.<br \/>\n\u2013 Site\u2019nin i\u015flevselli\u011fini artt\u0131rmak ve kullan\u0131m kolayl\u0131\u011f\u0131 sa\u011flamak. \u00d6rne\u011fin, Site \u00fczerinden \u00fc\u00e7\u00fcnc\u00fc taraf sosyal medya mecralar\u0131na payla\u015f\u0131mda bulunmak, Site\u2019yi ziyaret eden ziyaret\u00e7inin daha sonraki ziyaretinde kullan\u0131c\u0131 ad\u0131 bilgisinin ya da arama sorgular\u0131n\u0131n hat\u0131rlanmas\u0131.<br \/>\n\u2013 Ki\u015fiselle\u015ftirme, hedefleme ve reklamc\u0131l\u0131k faaliyeti ger\u00e7ekle\u015ftirmek. \u00d6rne\u011fin, ziyaret\u00e7ilerin g\u00f6r\u00fcnt\u00fcledikleri sayfa ve \u00fcr\u00fcnler \u00fczerinden ziyaret\u00e7ilerin ilgi alanlar\u0131yla ba\u011flant\u0131l\u0131 reklam g\u00f6sterilmesi.<br \/>\nKVK Kanunu\u2019nun 5. ve 8. maddeleri uyar\u0131nca ve\/veya ilgili mevzuattaki istisnalar\u0131n varl\u0131\u011f\u0131 halinde ki\u015fisel verileriniz mevzuat uyar\u0131nca gerekli olan hallerde r\u0131zan\u0131z do\u011frultusunda, aksi hallerde r\u0131zan\u0131z al\u0131nmaks\u0131z\u0131n yukar\u0131daki ama\u00e7lar do\u011frultusunda i\u015flenebilecektir. Media Markts olarak, ayd\u0131nlatma metni kapsam\u0131ndaki ki\u015fisel verilerinizi yukar\u0131da belirtilen ama\u00e7lar\u0131n ger\u00e7ekle\u015ftirilebilmesi ile s\u0131n\u0131rl\u0131 olarak ve mevzuata uygun \u015fekilde \u015eirketimizin hizmetlerinden faydaland\u0131\u011f\u0131 \u00fc\u00e7\u00fcnc\u00fc ki\u015filerle, ba\u011fl\u0131 ortakl\u0131klar\u0131m\u0131zla, i\u015f ortaklar\u0131m\u0131zla ve grup \u015firketlerimiz ile payla\u015fabiliriz. Verilerin aktar\u0131ld\u0131\u011f\u0131 taraflar\u0131n ki\u015fisel verilerinizi d\u00fcnyan\u0131n her yerindeki sunucular\u0131nda saklayabilece\u011fini belirtmek isteriz.<br \/>\nSitemizde Kullan\u0131lan \u00c7erezler<br \/>\nA\u015fa\u011f\u0131da sitemizde kulland\u0131\u011f\u0131m\u0131z farkl\u0131 t\u00fcrdeki \u00e7erezleri bulabilirsiniz. Sitemizde hem birinci parti \u00e7erezler (ziyaret etti\u011finiz site taraf\u0131ndan yerle\u015ftirilen) hem de \u00fc\u00e7\u00fcnc\u00fc parti \u00e7erezleri (ziyaret etti\u011finiz site haricindeki sunucular taraf\u0131ndan yerle\u015ftirilen) kullan\u0131lmaktad\u0131r.<br \/>\nZorunlu \u00c7erezler<br \/>\nBelli \u00e7erezlerin kullan\u0131m\u0131 sitemizin do\u011fru bi\u00e7imde \u00e7al\u0131\u015fmas\u0131 i\u00e7in zorunludur. \u00d6rne\u011fin sitemizde oturum a\u00e7t\u0131\u011f\u0131n\u0131zda devreye giren kimlik do\u011frulama \u00e7erezleri, sitemizde bir sayfadan di\u011ferine ge\u00e7i\u015finizde etkin olan oturumunuzun devam etmesini sa\u011flamaktad\u0131r.<br \/>\n\u0130\u015flevsellik ve Tercih \u00c7erezleri<br \/>\nBu \u00e7erezler sizlerin site \u00fczerindeki tercihlerini ve se\u00e7imlerinizi hat\u0131rlayarak sitemizde sunulan hizmetlerin sizin i\u00e7in ki\u015fiselle\u015fmesini sa\u011flamaktad\u0131r. \u00d6rne\u011fin sitemiz \u00fczerindeki dil se\u00e7iminizi veya bir metin okurken se\u00e7mi\u015f oldu\u011funuz font boyutunu hat\u0131rlamam\u0131z\u0131 sa\u011flar.<br \/>\nSosyal Medya \u00c7erezleri<br \/>\nBu \u00e7erezler sizlerin sosyal medya kullan\u0131mlar\u0131n\u0131z hakk\u0131nda bilgilerin toplanmas\u0131n\u0131 sa\u011flar. \u00d6rne\u011fin Ki\u015fiselle\u015ftirilmi\u015f reklamlar olu\u015fturulmas\u0131 ya da market ara\u015ft\u0131rmalar\u0131 yap\u0131lmas\u0131 i\u00e7in Facebook\/Twitter hesaplar\u0131n\u0131za ait bilgilerin kullan\u0131lmas\u0131 i\u00e7in \u00e7erezler kullan\u0131labilir.<br \/>\nPerformans ve Analiz \u00c7erezleri<br \/>\nBu \u00e7erezler sayesinde sitemizi kullan\u0131m\u0131n\u0131z\u0131 ve sitemizin performans\u0131n\u0131 analiz ederek sizlere verdi\u011fimiz hizmetleri daha iyi hale getirebiliyoruz. \u00d6rne\u011fin bu \u00e7erezler sayesinde ziyaret\u00e7ilerimizin en \u00e7ok hangi sayfalar\u0131 g\u00f6r\u00fcnt\u00fcledi\u011fini, sitemizin gerekti\u011fi gibi \u00e7al\u0131\u015f\u0131p \u00e7al\u0131\u015fmad\u0131\u011f\u0131n\u0131 ve olas\u0131 problemleri tespit edebiliyoruz.<br \/>\nHedefleme veya reklam \u00e7erezleri<br \/>\nSizlere sitemizde veya sitemiz haricindeki mecralarda \u00fcr\u00fcn ve hizmet tan\u0131t\u0131m\u0131n\u0131 yapmak i\u00e7in \u00e7erezler kullan\u0131yoruz. Ayr\u0131ca baz\u0131 i\u015f ortaklar\u0131m\u0131zla sizlere sitemiz dahilinde veya d\u0131\u015f\u0131nda reklam ve tan\u0131t\u0131m yapmak i\u00e7in i\u015f birli\u011fine gidebiliriz. \u00d6rne\u011fin, sitemizde g\u00f6rd\u00fc\u011f\u00fcn\u00fcz bir reklama t\u0131klay\u0131p t\u0131klamad\u0131\u011f\u0131n\u0131z\u0131, e\u011fer reklam ilginizi \u00e7ektikten sonra o reklam y\u00f6nlendirdi\u011fi sitedeki hizmetten faydalan\u0131p faydalanmad\u0131\u011f\u0131n\u0131z\u0131 takip etmek i\u00e7in \u00e7erezler kullan\u0131labilmektedir.<br \/>\n\u00c7erezlerin Kullan\u0131m\u0131n\u0131 Nas\u0131l Kontrol Edebilirim?<br \/>\nTaray\u0131c\u0131n\u0131z\u0131n ayarlar\u0131n\u0131 de\u011fi\u015ftirerek \u00e7erezlere ili\u015fkin tercihlerinizi ki\u015fiselle\u015ftirme imkan\u0131na sahipsiniz.<br \/>\nAdobe Analytics https:\/\/www.adobe.com\/uk\/privacy\/opt-out.html<br \/>\nAOL https:\/\/help.aol.com\/articles\/restore-security-settings-and-enable-cookie-settings-on-browser<br \/>\nGoogle Adwords https:\/\/support.google.com\/ads\/answer\/2662922?hl=en<br \/>\nGoogle Analytics https:\/\/tools.google.com\/dlpage\/gaoptout<br \/>\nGoogle Chrome https:\/\/www.google.com\/support\/chrome\/bin\/answer.py?hl=en&amp;answer=95647<br \/>\nInternet Explorer https:\/\/support.microsoft.com\/en-us\/help\/17442\/windows-internet-explorer-delete-manage-cookies<br \/>\nMozillaFirefox https:\/\/support.mozilla.com\/en-US\/kb\/Cookies<br \/>\nOpera https:\/\/www.opera.com\/browser\/tutorials\/security\/privacy\/<br \/>\nSafari: https:\/\/support.apple.com\/kb\/ph19214?locale=tr_TR<br \/>\nVeri Sahibi Olarak Haklar\u0131n\u0131z Nelerdir?<br \/>\nKVK Kanunu\u2019nun 11. maddesi uyar\u0131nca veri sahipleri,<br \/>\n\u2022 ki\u015fisel veri i\u015flenip i\u015flenmedi\u011fini \u00f6\u011frenme,<br \/>\n\u2022 ki\u015fisel verileri i\u015flenmi\u015fse buna ili\u015fkin bilgi talep etme,<br \/>\n\u2022 ki\u015fisel verilerin i\u015flenme amac\u0131n\u0131 ve bunlar\u0131n amac\u0131na uygun kullan\u0131l\u0131p kullan\u0131lmad\u0131\u011f\u0131n\u0131 \u00f6\u011frenme,<br \/>\n\u2022 yurt i\u00e7inde veya yurt d\u0131\u015f\u0131nda ki\u015fisel verilerin aktar\u0131ld\u0131\u011f\u0131 \u00fc\u00e7\u00fcnc\u00fc ki\u015fileri bilme,<br \/>\n\u2022 ki\u015fisel verilerin eksik veya yanl\u0131\u015f i\u015flenmi\u015f olmas\u0131 h\u00e2linde bunlar\u0131n d\u00fczeltilmesini isteme ve bu kapsamda yap\u0131lan i\u015flemin ki\u015fisel verilerin aktar\u0131ld\u0131\u011f\u0131 \u00fc\u00e7\u00fcnc\u00fc ki\u015filere bildirilmesini isteme,<br \/>\n\u2022 KVK Kanunu ve ilgili di\u011fer kanun h\u00fck\u00fcmlerine uygun olarak i\u015flenmi\u015f olmas\u0131na ra\u011fmen, i\u015flenmesini gerektiren sebeplerin ortadan kalkmas\u0131 h\u00e2linde ki\u015fisel verilerin silinmesini veya yok edilmesini isteme ve bu kapsamda yap\u0131lan i\u015flemin ki\u015fisel verilerin aktar\u0131ld\u0131\u011f\u0131 \u00fc\u00e7\u00fcnc\u00fc ki\u015filere bildirilmesini isteme,<br \/>\n\u2022 i\u015flenen verilerin m\u00fcnhas\u0131ran otomatik sistemler vas\u0131tas\u0131yla analiz edilmesi suretiyle ki\u015finin kendisi aleyhine bir sonucun ortaya \u00e7\u0131kmas\u0131na itiraz etme,<br \/>\n\u2022 ki\u015fisel verilerin kanuna ayk\u0131r\u0131 olarak i\u015flenmesi sebebiyle zarara u\u011framas\u0131 h\u00e2linde zarar\u0131n giderilmesini talep etme<br \/>\nhaklar\u0131na sahiptir.<\/p>\n<p style=\"font-weight: 400;\">DR.EM\u0130NE VANLIO\u011eLU \u00a0MUAYENEHANES\u0130\u2019NDE BULUNAN G\u00dcVENL\u0130K KAMERASI \u0130LE \u0130LG\u0130L\u0130 AYDINLATMA METN\u0130<\/p>\n<p style=\"font-weight: 400;\">Veri Sorumlusu: Bu ayd\u0131nlatma metni, 6698 say\u0131l\u0131 Ki\u015fisel Verilerin Korunmas\u0131 Kanununun 10. maddesi ile \u201cAyd\u0131nlatma Y\u00fck\u00fcml\u00fcl\u00fc\u011f\u00fcn\u00fcn Yerine Getirilmesinde Uyulacak Usul ve Esaslar Hakk\u0131nda Tebli\u011f\u201d kapsam\u0131nda, veri sorumlusu s\u0131fat\u0131yla Dr.Emine Vanl\u0131o\u011flu taraf\u0131ndan taraf\u0131ndan haz\u0131rlanm\u0131\u015ft\u0131r.<br \/>\nK\u0131\u0307\u015f\u0131\u0307sel ver\u0131\u0307ler\u0131\u0307n \u0131\u0307\u015fleme ama\u00e7lar\u0131, \u0131\u0307\u015flenecek k\u0131\u0307\u015f\u0131\u0307sel ver\u0131\u0307 kategor\u0131\u0307ler\u0131\u0307 ve hukuk\u0131\u0307 \u0131\u0307\u015fleme gerek\u00e7eler\u0131\u0307 ile k\u0131\u0307\u015f\u0131\u0307sel ver\u0131\u0307ler\u0131\u0307n toplama y\u00f6ntem\u0131\u0307: Veri Sorumlusu Dr.Emine Vanl\u0131o\u011flu taraf\u0131ndan ki\u015fisel verilerinizin i\u015flenme ama\u00e7lar\u0131, kategorileri ve hukuki i\u015fleme gerek\u00e7eleri a\u015fa\u011f\u0131daki tabloda kar\u015f\u0131la\u015ft\u0131r\u0131lmal\u0131 olarak sunulmu\u015ftur:<br \/>\nK\u0130\u015e\u0130SEL VER\u0130LER\u0130N \u0130\u015eLENME AMA\u00c7LARI K\u0130\u015e\u0130SEL VER\u0130 KATEGOR\u0130S\u0130 K\u0130\u015e\u0130SEL VER\u0130 \u0130\u015eLEMEN\u0130N HUKUK\u0130 GEREK\u00c7ES\u0130<br \/>\n\u2013 Muayenehane Mek\u00e2n G\u00fcvenli\u011finin Temini<br \/>\n-G\u00f6rsel ve \u0130\u015fitsel Kay\u0131tlar<br \/>\n-\u0130lgili Ki\u015finin Temel Hak ve \u00d6zg\u00fcrl\u00fcklerine Zarar Vermemek Kayd\u0131yla, Veri Sorumlusunun Me\u015fru Menfaatleri \u0130\u00e7in Veri \u0130\u015flenmesinin Zorunlu Olmas\u0131<br \/>\nKi\u015fisel verileriniz, yukar\u0131da ki tabloda sunulan hukuki sebeplere dayal\u0131 olarak, kamera kayd\u0131n\u0131n i\u015flenmesi arac\u0131l\u0131\u011f\u0131yla otomatik yollarla i\u015flenmektedir. Kamera kay\u0131tlar\u0131 30 g\u00fcn s\u00fcresince depolan\u0131p, sonras\u0131nda otomatik olarak silinmektedir.<br \/>\n\u0130\u015flenen k\u0131\u0307\u015f\u0131\u0307sel ver\u0131\u0307ler\u0131\u0307n k\u0131\u0307mlere ve hang\u0131\u0307 ama\u00e7la aktar\u0131lab\u0131\u0307lece\u011f\u0131\u0307: Muayenehanemizdeki ki\u015fisel verileriniz herhangi bir kurum ya da kurulu\u015fa aktar\u0131lmamaktad\u0131r.<br \/>\n\u0130lg\u0131\u0307l\u0131\u0307 k\u0131\u0307\u015f\u0131\u0307n\u0131\u0307n haklar\u0131: \u0130lgili kanunun \u201c\u0130lgili Ki\u015finin Haklar\u0131n\u0131 D\u00fczenleyen\u201d 11 inci maddesi uyar\u0131nca, ki\u015fisel verilerinizin; i\u015flenip i\u015flenmedi\u011fini \u00f6\u011frenme, i\u015flenmi\u015fse bilgi talep etme, i\u015flenme amac\u0131n\u0131 ve amac\u0131na uygun kullan\u0131l\u0131p kullan\u0131lmad\u0131\u011f\u0131n\u0131 \u00f6\u011frenme, yurt i\u00e7inde veya yurt d\u0131\u015f\u0131nda varsa aktar\u0131ld\u0131\u011f\u0131 \u00fc\u00e7\u00fcnc\u00fc ki\u015fileri \u00f6\u011frenme, eksik veya yanl\u0131\u015f i\u015flenmi\u015fse d\u00fczeltilmesini isteme, KVKK\u2019 n\u0131n 7. Maddesinde \u00f6ng\u00f6r\u00fclen \u015fartlar \u00e7er\u00e7evesinde silinmesini veya yok edilmesini isteme, aktar\u0131ld\u0131\u011f\u0131, e\u011fer aktar\u0131lm\u0131\u015fsa \u00fc\u00e7\u00fcnc\u00fc ki\u015filere yap\u0131lan d\u00fczeltme ve silme i\u015flemlerinin bildirilmesini isteme, m\u00fcnhas\u0131ran otomatik sistemler ile analiz edilmesi nedeniyle aleyhinize bir sonucun ortaya \u00e7\u0131kmas\u0131na itiraz etme, KVKK\u2019 ya ayk\u0131r\u0131 olarak verilerinizin i\u015flenmesi sebebiyle zarara u\u011framan\u0131z halinde zarar\u0131n giderilmesini talep etme haklar\u0131na sahip oldu\u011funuzu hat\u0131rlatmak isteriz.<\/p>\n","protected":false},"excerpt":{"rendered":"<p>K\u0130\u015e\u0130SEL VER\u0130LER\u0130N KORUNMASI KANUNU (\u201cKVKK\u201d) WEB S\u0130TEM\u0130Z ve MUAYENEHANEM\u0130ZDE UYGULAMASI HAKKINDA B\u0130LG\u0130LEND\u0130RME 6698 say\u0131l\u0131 Ki\u015fisel Verilerin Korunmas\u0131 Kanunu (\u201cKVKK\u201d) h\u00fck\u00fcmleri<\/p>\n","protected":false},"author":1,"featured_media":0,"parent":0,"menu_order":0,"comment_status":"closed","ping_status":"closed","template":"","meta":{"_joinchat":[],"footnotes":""},"_links":{"self":[{"href":"https:\/\/dreminevanlioglu.com\/index.php\/wp-json\/wp\/v2\/pages\/82"}],"collection":[{"href":"https:\/\/dreminevanlioglu.com\/index.php\/wp-json\/wp\/v2\/pages"}],"about":[{"href":"https:\/\/dreminevanlioglu.com\/index.php\/wp-json\/wp\/v2\/types\/page"}],"author":[{"embeddable":true,"href":"https:\/\/dreminevanlioglu.com\/index.php\/wp-json\/wp\/v2\/users\/1"}],"replies":[{"embeddable":true,"href":"https:\/\/dreminevanlioglu.com\/index.php\/wp-json\/wp\/v2\/comments?post=82"}],"version-history":[{"count":3,"href":"https:\/\/dreminevanlioglu.com\/index.php\/wp-json\/wp\/v2\/pages\/82\/revisions"}],"predecessor-version":[{"id":86,"href":"https:\/\/dreminevanlioglu.com\/index.php\/wp-json\/wp\/v2\/pages\/82\/revisions\/86"}],"wp:attachment":[{"href":"https:\/\/dreminevanlioglu.com\/index.php\/wp-json\/wp\/v2\/media?parent=82"}],"curies":[{"name":"wp","href":"https:\/\/api.w.org\/{rel}","templated":true}]}}